{"id":2309,"date":"2025-02-25T14:31:05","date_gmt":"2025-02-25T13:31:05","guid":{"rendered":"https:\/\/www.tausendtraum.de\/circus\/?page_id=2309"},"modified":"2025-09-09T11:54:56","modified_gmt":"2025-09-09T09:54:56","slug":"sternenzelt","status":"publish","type":"page","link":"https:\/\/www.tausendtraum.de\/circus\/ueber-uns-2\/sternenzelt\/","title":{"rendered":"Sternenzelt"},"content":{"rendered":"<h1>Sternenzelt<\/h1>\n<\/p>\n<h1>Das Sternenzelt des &#8222;Circus Tausendtraum&#8220;<\/h1>\n<hr>\n<div>\n<p>Kein Zirkus ohne Zelt. Und so reist der Tausendtraum mit seinem blau \u2013 gelben Sternenzelt an jede Schule.<\/p>\n<p>Das Zelt bietet 400 Zuschauern Platz und hat einen Durchmesser von 20 Metern (Aufbaudurchmesser 30 Meter).<\/p>\n<p>Im Innern des Zeltes befinden sich einige Neuerungen im Vergleich zu anderen Zirkusunternehmen.<\/p>\n<p>So verzichten wir z.B. auf die herk\u00f6mmliche &#8222;S\u00e4gesp\u00e4ne&#8220;-Manege.\u00a0 Stattdessen bildet eine b\u00fchnen\u00e4hnliche Manegenplatte den Mittelpunkt des Zeltes. Dazu kommt ein richtiger Theater-Vorhang.<\/p>\n<p>Eine Innovation, die unserem Anspruch Zirkus- und Theaterelemente zu verbinden, Rechnung tr\u00e4gt.<\/p>\n<p>Unser Zelt und unsere Sitzeinrichtung hat immer g\u00fcltigen T\u00dcV, es besteht eine Haftpflichtversicherung und an jedem Zeltstandort lassen wir vom Bauamt die vorgeschriebene Gebrauchsabnahme durchf\u00fchren.<\/p>\n<p>Zeltcrew und Trainerteam wohnen und leben rund um das Zirkuszelt in Wohnwagen. Zusammen mit dem LKW und anderen Fahrzeugen entsteht so Woche f\u00fcr Woche ein kleines Zirkusdorf auf dem Schulhof, der Schulwiese, \u2026<\/p>\n<\/div>\n<h1>Downloads<\/h1>\n<ul>\n<li>\n<p>\n        <a href=\"\/circus\/wp-content\/uploads\/2025\/09\/Ausfuehrungsgenehmigung-2028-Zirkuszelt-Schulen.pdf\">T\u00dcV Zirkuszelt<\/a>\n    <\/p>\n<\/li>\n<li>\n<p>\n        <a href=\"\/circus\/wp-content\/uploads\/2025\/09\/Ausfuehrungsgenehmigung-2028-Sitzeinrichtung-Schulen.pdf\">T\u00dcV Sitzeinrichtung<\/a>\n    <\/p>\n<\/li>\n<li>\n<p>\n        <a href=\"\/circus\/wp-content\/uploads\/2025\/09\/Bestaetigung-Haftpflicht-Tausendtraum-2025_VSNR-30248082026_VN-Tausendtraum-GmbH-Co.-KG.pdf\">Haftpflichtsversicherung<\/a>\n    <\/p>\n<\/li>\n<li>\n<p>\n        <a href=\"\/circus\/wp-content\/uploads\/2025\/09\/Anforderungen-Zirkuszelt-Tausendtraum.pdf\">Anforderungen Zeltstandort<\/a>\n    <\/p>\n<\/li>\n<\/ul>\n<p><a href=\"\/circus\/wp-content\/uploads\/2025\/06\/Tausendtraum-Zelt-Innen.jpg\"><img decoding=\"async\" src=\"\/circus\/wp-content\/uploads\/2025\/06\/Tausendtraum-Zelt-Innen.jpg\" alt=\"\"><\/a><br \/>\n<a href=\"\/circus\/wp-content\/uploads\/2025\/06\/Tausendtraum-Zelt-Pause-scaled.jpg\"><img decoding=\"async\" src=\"\/circus\/wp-content\/uploads\/2025\/06\/Tausendtraum-Zelt-Pause-scaled.jpg\" alt=\"\"><\/a><\/p>\n<ul>\n<li>\n<p>        <img decoding=\"async\" src=\"\/circus\/wp-content\/uploads\/2025\/06\/Zelt-Leverkusen-scaled.jpg\" alt=\"\"><\/p>\n<\/li>\n<li>\n<p>        <img decoding=\"async\" src=\"\/circus\/wp-content\/uploads\/2025\/06\/Zelt-Innen-Borken.jpg\" alt=\"\"><\/p>\n<\/li>\n<\/ul>\n<h1>Erster Zeltaufbaubau auf Spiekeroog 2001<\/h1>\n<hr>\n<ul>\n<li>\n<p>        <img decoding=\"async\" src=\"\/circus\/wp-content\/uploads\/2025\/03\/01.jpg\" alt=\"\"><\/p>\n<h3>Phase 1 &#8211; An den Masten wird das Zelt h\u00e4ngen<\/h3>\n<\/li>\n<li>\n<p>        <img decoding=\"async\" src=\"\/circus\/wp-content\/uploads\/2025\/03\/02.jpg\" alt=\"\"><\/p>\n<h3>Phase 2 &#8211; Die Zeltplane wird ausgerollt<\/h3>\n<\/li>\n<li>\n<p>        <img decoding=\"async\" src=\"\/circus\/wp-content\/uploads\/2025\/03\/03.jpg\" alt=\"\"><\/p>\n<h3>Phase 3 &#8211; Die Zeltplane wird befestigt<\/h3>\n<\/li>\n<li>\n<p>        <img decoding=\"async\" src=\"\/circus\/wp-content\/uploads\/2025\/03\/04.jpg\" alt=\"\"><\/p>\n<h3>Phase 4 &#8211; Die seitlichen Halterungen werden angebracht<\/h3>\n<\/li>\n<li>\n<p>        <img decoding=\"async\" src=\"\/circus\/wp-content\/uploads\/2025\/03\/05.jpg\" alt=\"\"><\/p>\n<h3>Phase 5 &#8211; Das Zelt wird hochgezogen<\/h3>\n<\/li>\n<li>\n<p>        <img decoding=\"async\" src=\"\/circus\/wp-content\/uploads\/2025\/03\/06.jpg\" alt=\"\"><\/p>\n<h3>Phase 6 &#8211; Die seitliche Befestigung erfolgt<\/h3>\n<\/li>\n<li>\n<p>        <img decoding=\"async\" src=\"\/circus\/wp-content\/uploads\/2025\/03\/07.jpg\" alt=\"\"><\/p>\n<h3>Phase 7 &#8211; Letzte Korrekturen am Zeltdach<\/h3>\n<\/li>\n<li>\n<p>        <img decoding=\"async\" src=\"\/circus\/wp-content\/uploads\/2025\/03\/08.jpg\" alt=\"\"><\/p>\n<h3>Phase 8 &#8211; Letzte Verschnaufpause &#8211; fast fertig<\/h3>\n<\/li>\n<li>\n<p>        <img decoding=\"async\" src=\"\/circus\/wp-content\/uploads\/2025\/03\/09.jpg\" alt=\"\"><\/p>\n<h3>Phase 9 &#8211; Sternenzeltspitze von innen<\/h3>\n<\/li>\n<li>\n<p>        <img decoding=\"async\" src=\"\/circus\/wp-content\/uploads\/2025\/03\/10.jpg\" alt=\"\"><\/p>\n<h3>Phase 10 &#8211; Geschafft, bald kann es losgehen<\/h3>\n<\/li>\n<\/ul>\n<h1>Rundflug in und um das Zelt<\/h1>\n<hr>\n<div class=\"brlbs-cmpnt-container brlbs-cmpnt-content-blocker brlbs-cmpnt-with-individual-styles\" data-borlabs-cookie-content-blocker-id=\"youtube-content-blocker\" data-borlabs-cookie-content=\"PGlmcmFtZSBzcmM9Imh0dHBzOi8vd3d3LnlvdXR1YmUtbm9jb29raWUuY29tL3dhdGNoP3Y9eFNqNHJ5SlIwVEUiPjwvaWZyYW1lPg==\">\n<div class=\"brlbs-cmpnt-cb-preset-c brlbs-cmpnt-cb-youtube\">\n<div class=\"brlbs-cmpnt-cb-thumbnail\" style=\"background-image: url('https:\/\/www.tausendtraum.de\/circus\/wp-content\/uploads\/borlabs-cookie\/1\/yt_xSj4ryJR0TE_hqdefault.jpg')\"><\/div>\n<div class=\"brlbs-cmpnt-cb-main\">\n<div class=\"brlbs-cmpnt-cb-play-button\"><\/div>\n<div class=\"brlbs-cmpnt-cb-content\">\n<p class=\"brlbs-cmpnt-cb-description\">Sie sehen gerade einen Platzhalterinhalt von <strong>YouTube<\/strong>. Um auf den eigentlichen Inhalt zuzugreifen, klicken Sie auf die Schaltfl\u00e4che unten. Bitte beachten Sie, dass dabei Daten an Drittanbieter weitergegeben werden.<\/p>\n<p> <a class=\"brlbs-cmpnt-cb-provider-toggle\" href=\"#\" data-borlabs-cookie-show-provider-information role=\"button\">Mehr Informationen<\/a> <\/div>\n<div class=\"brlbs-cmpnt-cb-buttons\"> <a class=\"brlbs-cmpnt-cb-btn\" href=\"#\" data-borlabs-cookie-unblock role=\"button\">Inhalt entsperren<\/a> <a class=\"brlbs-cmpnt-cb-btn\" href=\"#\" data-borlabs-cookie-accept-service role=\"button\" style=\"display: inherit\">Erforderlichen Service akzeptieren und Inhalte entsperren<\/a> <\/div>\n<\/p><\/div>\n<\/p><\/div>\n<\/div>\n<p><!--more--><br \/>\n<!-- {\"type\":\"layout\",\"children\":[{\"type\":\"section\",\"props\":{\"header_transparent\":false,\"header_transparent_noplaceholder\":false,\"image\":\"wp-content\\\/uploads\\\/2025\\\/02\\\/background-hero-1.svg\",\"image_position\":\"center-center\",\"image_width\":5000,\"media_overlay\":\"rgb(146, 185, 231)\",\"media_overlay_gradient\":\"radial-gradient(circle, rgba(193,217,251,0.9023810207676821) 0%, rgba(134,182,249,0.9023810207676821) 100%);\",\"padding\":\"xsmall\",\"padding_remove_bottom\":false,\"padding_remove_top\":false,\"style\":\"default\",\"title_breakpoint\":\"xl\",\"title_position\":\"top-left\",\"title_rotation\":\"left\",\"vertical_align\":\"middle\",\"width\":\"default\"},\"children\":[{\"type\":\"row\",\"children\":[{\"type\":\"column\",\"props\":{\"image_position\":\"center-center\",\"position_sticky_breakpoint\":\"m\",\"width_medium\":\"1-2\"},\"children\":[{\"type\":\"headline\",\"props\":{\"content\":\"Sternenzelt\",\"title_element\":\"h1\",\"title_style\":\"heading-small\"}}]},{\"type\":\"column\",\"props\":{\"image_position\":\"center-center\",\"position_sticky_breakpoint\":\"m\",\"vertical_align\":\"bottom\",\"width_medium\":\"1-2\"},\"children\":[{\"type\":\"breadcrumbs\",\"props\":{\"show_current\":true,\"show_home\":true,\"text_align\":\"right\",\"text_align_breakpoint\":\"s\",\"text_align_fallback\":\"left\"}}]}],\"props\":{\"layout\":\"1-2,1-2\"}}]},{\"type\":\"section\",\"props\":{\"css\":\".el-section{\\n    background:#f6e202;\\n    border-top: 2px solid #163a71;\\n    border-bottom: 2px solid #163a71;\\n    padding-top: 10px;\\n  padding-bottom: 10px;\\n}\\n\\n\",\"image_position\":\"center-center\",\"padding\":\"xsmall\",\"style\":\"default\",\"title_breakpoint\":\"xl\",\"title_position\":\"top-left\",\"title_rotation\":\"left\",\"vertical_align\":\"middle\",\"width\":\"default\"},\"children\":[{\"type\":\"row\",\"children\":[{\"type\":\"column\",\"props\":{\"image_position\":\"center-center\",\"position_sticky_breakpoint\":\"m\"}}]}]},{\"type\":\"section\",\"props\":{\"css\":\".el-section{\\n     border-bottom: 2px solid #163a71;\\n}\",\"image_position\":\"center-center\",\"padding\":\"xsmall\",\"style\":\"default\",\"title_breakpoint\":\"xl\",\"title_position\":\"top-left\",\"title_rotation\":\"left\",\"vertical_align\":\"middle\",\"width\":\"default\"},\"children\":[{\"type\":\"row\",\"children\":[{\"type\":\"column\",\"props\":{\"image_position\":\"center-center\",\"position_sticky_breakpoint\":\"m\"},\"children\":[{\"type\":\"subnav\",\"props\":{\"subnav_style\":\"divider\",\"text_align\":\"center\"},\"children\":[{\"type\":\"subnav_item\",\"source\":{\"query\":{\"name\":\"customMenuItems\",\"arguments\":{\"id\":3,\"parent\":\"2865\",\"heading\":\"\",\"include_heading\":true}},\"props\":{\"content\":{\"name\":\"title\"},\"link\":{\"name\":\"url\"}}}}]}]}]}],\"name\":\"subnav\"},{\"type\":\"section\",\"props\":{\"image\":\"wp-content\\\/uploads\\\/2025\\\/02\\\/Gruppe-45.png\",\"image_position\":\"center-center\",\"image_size\":\"cover\",\"media_overlay\":\"rgba(140, 186, 249, 0.8)\",\"media_overlay_gradient\":\"radial-gradient(circle, rgba(252,252,252,0.7959384437368697) 0%, rgba(117,172,240,0) 75%);\",\"style\":\"default\",\"title_breakpoint\":\"xl\",\"title_position\":\"top-left\",\"title_rotation\":\"left\",\"vertical_align\":\"middle\",\"width\":\"default\"},\"children\":[{\"type\":\"row\",\"props\":{\"layout\":\"1-2,1-2\",\"margin\":\"large\"},\"children\":[{\"type\":\"column\",\"props\":{\"image_position\":\"center-center\",\"position_sticky_breakpoint\":\"m\",\"width_medium\":\"1-2\"},\"children\":[{\"type\":\"headline\",\"props\":{\"content\":\"Das Sternenzelt des \\\"Circus Tausendtraum\\\"\",\"title_element\":\"h1\"}},{\"type\":\"divider\",\"props\":{\"divider_element\":\"hr\",\"divider_style\":\"small\"}},{\"type\":\"text\",\"props\":{\"column_breakpoint\":\"m\",\"content\":\"\n\n<p>Kein Zirkus ohne Zelt. Und so reist der Tausendtraum mit seinem blau \\u2013 gelben Sternenzelt an jede Schule.<\\\/p>\\n\n\n<p>Das Zelt bietet 400 Zuschauern Platz und hat einen Durchmesser von 20 Metern (Aufbaudurchmesser 30 Meter).<\\\/p>\\n\n\n<p>Im Innern des Zeltes befinden sich einige Neuerungen im Vergleich zu anderen Zirkusunternehmen.<\\\/p>\\n\n\n<p>So verzichten wir z.B. auf die herk\\u00f6mmliche \\\"S\\u00e4gesp\\u00e4ne\\\"-Manege.\\u00a0 Stattdessen bildet eine b\\u00fchnen\\u00e4hnliche Manegenplatte den Mittelpunkt des Zeltes. Dazu kommt ein richtiger Theater-Vorhang.<\\\/p>\\n\n\n<p>Eine Innovation, die unserem Anspruch Zirkus- und Theaterelemente zu verbinden, Rechnung tr\\u00e4gt.<\\\/p>\\n\n\n<p>Unser Zelt und unsere Sitzeinrichtung hat immer g\\u00fcltigen T\\u00dcV, es besteht eine Haftpflichtversicherung und an jedem Zeltstandort lassen wir vom Bauamt die vorgeschriebene Gebrauchsabnahme durchf\\u00fchren.<\\\/p>\\n\n\n<p>Zeltcrew und Trainerteam wohnen und leben rund um das Zirkuszelt in Wohnwagen. Zusammen mit dem LKW und anderen Fahrzeugen entsteht so Woche f\\u00fcr Woche ein kleines Zirkusdorf auf dem Schulhof, der Schulwiese, \\u2026<\\\/p>\",\"margin\":\"default\"}},{\"type\":\"headline\",\"props\":{\"content\":\"Downloads\",\"margin\":\"small\",\"title_element\":\"h1\",\"title_style\":\"h3\"}},{\"type\":\"button\",\"props\":{\"button_size\":\"small\",\"grid_column_gap\":\"small\",\"grid_row_gap\":\"small\",\"margin\":\"default\"},\"children\":[{\"type\":\"button_item\",\"props\":{\"button_style\":\"primary\",\"content\":\"T\\u00dcV Zirkuszelt\",\"dialog_layout\":\"modal\",\"dialog_offcanvas_flip\":true,\"icon_align\":\"left\",\"link\":\"wp-content\\\/uploads\\\/2025\\\/09\\\/Ausfuehrungsgenehmigung-2028-Zirkuszelt-Schulen.pdf\",\"link_target\":\"blank\"}},{\"type\":\"button_item\",\"props\":{\"button_style\":\"primary\",\"content\":\"T\\u00dcV Sitzeinrichtung\",\"dialog_layout\":\"modal\",\"dialog_offcanvas_flip\":true,\"icon_align\":\"left\",\"link\":\"wp-content\\\/uploads\\\/2025\\\/09\\\/Ausfuehrungsgenehmigung-2028-Sitzeinrichtung-Schulen.pdf\",\"link_target\":\"blank\"}},{\"type\":\"button_item\",\"props\":{\"button_style\":\"primary\",\"content\":\"Haftpflichtsversicherung\",\"dialog_layout\":\"modal\",\"dialog_offcanvas_flip\":true,\"icon_align\":\"left\",\"link\":\"wp-content\\\/uploads\\\/2025\\\/09\\\/Bestaetigung-Haftpflicht-Tausendtraum-2025_VSNR-30248082026_VN-Tausendtraum-GmbH-Co.-KG.pdf\",\"link_target\":\"blank\"}},{\"type\":\"button_item\",\"props\":{\"button_style\":\"primary\",\"content\":\"Anforderungen Zeltstandort\",\"dialog_layout\":\"modal\",\"dialog_offcanvas_flip\":true,\"icon_align\":\"left\",\"link\":\"wp-content\\\/uploads\\\/2025\\\/09\\\/Anforderungen-Zirkuszelt-Tausendtraum.pdf\",\"link_target\":\"blank\"}}]}]},{\"type\":\"column\",\"props\":{\"image_position\":\"center-center\",\"position_sticky_breakpoint\":\"m\",\"vertical_align\":\"middle\",\"width_medium\":\"1-2\"},\"children\":[{\"type\":\"fragment\",\"props\":{\"margin\":\"default\"},\"children\":[{\"type\":\"row\",\"props\":{\"column_gap\":\"small\",\"layout\":\"1-2,1-2\",\"row_gap\":\"small\"},\"children\":[{\"type\":\"column\",\"props\":{\"image_position\":\"center-center\",\"position_sticky_breakpoint\":\"m\",\"width_medium\":\"1-2\"},\"children\":[{\"type\":\"image\",\"props\":{\"image\":\"wp-content\\\/uploads\\\/2025\\\/06\\\/Tausendtraum-Zelt-Innen.jpg\",\"image_box_decoration\":\"default\",\"image_svg_color\":\"emphasis\",\"image_width\":600,\"lightbox_width\":\"750\",\"link\":\"wp-content\\\/uploads\\\/2025\\\/06\\\/Tausendtraum-Zelt-Innen.jpg\",\"link_target\":\"modal\",\"margin\":\"default\"}}]},{\"type\":\"column\",\"props\":{\"image_position\":\"center-center\",\"position_sticky_breakpoint\":\"m\",\"width_medium\":\"1-2\"},\"children\":[{\"type\":\"image\",\"props\":{\"image\":\"wp-content\\\/uploads\\\/2025\\\/06\\\/Tausendtraum-Zelt-Pause-scaled.jpg\",\"image_box_decoration\":\"default\",\"image_svg_color\":\"emphasis\",\"image_width\":600,\"lightbox_width\":\"750\",\"link\":\"wp-content\\\/uploads\\\/2025\\\/06\\\/Tausendtraum-Zelt-Pause-scaled.jpg\",\"link_target\":\"modal\",\"margin\":\"default\"}}]}]},{\"type\":\"row\",\"props\":{\"column_gap\":\"small\",\"row_gap\":\"small\"},\"children\":[{\"type\":\"column\",\"props\":{\"image_position\":\"center-center\",\"position_sticky_breakpoint\":\"m\"},\"children\":[{\"type\":\"panel-slider\",\"props\":{\"content_column_breakpoint\":\"m\",\"icon_width\":80,\"image_align\":\"top\",\"image_grid_breakpoint\":\"m\",\"image_grid_width\":\"1-2\",\"image_height\":370,\"image_svg_color\":\"emphasis\",\"image_width\":650,\"link_style\":\"default\",\"link_text\":\"Read more\",\"margin\":\"default\",\"meta_align\":\"below-title\",\"meta_element\":\"div\",\"meta_style\":\"text-meta\",\"nav\":\"dotnav\",\"nav_align\":\"center\",\"nav_breakpoint\":\"s\",\"panel_match\":true,\"panel_style\":\"card-default\",\"show_content\":true,\"show_hover_image\":true,\"show_hover_video\":true,\"show_image\":true,\"show_link\":true,\"show_meta\":true,\"show_title\":true,\"show_video\":true,\"slidenav\":\"\",\"slidenav_breakpoint\":\"xl\",\"slidenav_margin\":\"medium\",\"slidenav_outside_breakpoint\":\"xl\",\"slider_autoplay_pause\":true,\"slider_gap\":\"default\",\"slider_width\":\"fixed\",\"slider_width_default\":\"1-1\",\"slider_width_medium\":\"\",\"title_align\":\"top\",\"title_element\":\"h3\",\"title_grid_breakpoint\":\"m\",\"title_grid_width\":\"1-2\",\"title_hover_style\":\"reset\"},\"children\":[{\"type\":\"panel-slider_item\",\"props\":{\"image\":\"wp-content\\\/uploads\\\/2025\\\/06\\\/Zelt-Leverkusen-scaled.jpg\"}},{\"type\":\"panel-slider_item\",\"props\":{\"image\":\"wp-content\\\/uploads\\\/2025\\\/06\\\/Zelt-Innen-Borken.jpg\"}}]}]}]}]}]}]},{\"type\":\"row\",\"props\":{\"column_gap\":\"large\",\"layout\":\"1-2,1-2\"},\"children\":[{\"type\":\"column\",\"props\":{\"image_position\":\"center-center\",\"position_sticky_breakpoint\":\"m\",\"width_medium\":\"1-2\"},\"children\":[{\"type\":\"headline\",\"props\":{\"content\":\"Erster Zeltaufbaubau auf Spiekeroog 2001\",\"title_element\":\"h1\",\"title_style\":\"h3\"}},{\"type\":\"divider\",\"props\":{\"divider_element\":\"hr\",\"divider_style\":\"small\"}},{\"type\":\"panel-slider\",\"props\":{\"content_column_breakpoint\":\"m\",\"icon_width\":80,\"image_align\":\"top\",\"image_grid_breakpoint\":\"m\",\"image_grid_width\":\"1-2\",\"image_height\":350,\"image_svg_color\":\"emphasis\",\"image_width\":600,\"link_style\":\"default\",\"link_text\":\"Read more\",\"margin\":\"default\",\"meta_align\":\"below-title\",\"meta_element\":\"div\",\"meta_style\":\"text-meta\",\"nav\":\"dotnav\",\"nav_align\":\"center\",\"nav_breakpoint\":\"s\",\"panel_image_no_padding\":true,\"panel_match\":true,\"panel_padding\":\"small\",\"panel_style\":\"card-default\",\"show_content\":true,\"show_hover_image\":true,\"show_hover_video\":true,\"show_image\":true,\"show_link\":true,\"show_meta\":true,\"show_title\":true,\"show_video\":true,\"slidenav\":\"\",\"slidenav_breakpoint\":\"xl\",\"slidenav_margin\":\"medium\",\"slidenav_outside_breakpoint\":\"xl\",\"slider_autoplay_pause\":true,\"slider_gap\":\"default\",\"slider_width\":\"fixed\",\"slider_width_default\":\"1-1\",\"slider_width_medium\":\"\",\"text_align\":\"center\",\"title_align\":\"top\",\"title_element\":\"h3\",\"title_grid_breakpoint\":\"m\",\"title_grid_width\":\"1-2\",\"title_hover_style\":\"reset\",\"title_style\":\"h5\"},\"children\":[{\"type\":\"panel-slider_item\",\"props\":{\"image\":\"wp-content\\\/uploads\\\/2025\\\/03\\\/01.jpg\",\"title\":\"Phase 1 - An den Masten wird das Zelt h\\u00e4ngen\"}},{\"type\":\"panel-slider_item\",\"props\":{\"image\":\"wp-content\\\/uploads\\\/2025\\\/03\\\/02.jpg\",\"title\":\"Phase 2 - Die Zeltplane wird ausgerollt\"}},{\"type\":\"panel-slider_item\",\"props\":{\"image\":\"wp-content\\\/uploads\\\/2025\\\/03\\\/03.jpg\",\"title\":\"Phase 3 - Die Zeltplane wird befestigt\"}},{\"type\":\"panel-slider_item\",\"props\":{\"image\":\"wp-content\\\/uploads\\\/2025\\\/03\\\/04.jpg\",\"title\":\"Phase 4 - Die seitlichen Halterungen werden angebracht\"}},{\"type\":\"panel-slider_item\",\"props\":{\"image\":\"wp-content\\\/uploads\\\/2025\\\/03\\\/05.jpg\",\"title\":\"Phase 5 - Das Zelt wird hochgezogen\"}},{\"type\":\"panel-slider_item\",\"props\":{\"image\":\"wp-content\\\/uploads\\\/2025\\\/03\\\/06.jpg\",\"title\":\"Phase 6 - Die seitliche Befestigung erfolgt\"}},{\"type\":\"panel-slider_item\",\"props\":{\"image\":\"wp-content\\\/uploads\\\/2025\\\/03\\\/07.jpg\",\"title\":\"Phase 7 - Letzte Korrekturen am Zeltdach\"}},{\"type\":\"panel-slider_item\",\"props\":{\"image\":\"wp-content\\\/uploads\\\/2025\\\/03\\\/08.jpg\",\"title\":\"Phase 8 - Letzte Verschnaufpause - fast fertig\"}},{\"type\":\"panel-slider_item\",\"props\":{\"image\":\"wp-content\\\/uploads\\\/2025\\\/03\\\/09.jpg\",\"title\":\"Phase 9 - Sternenzeltspitze von innen\"}},{\"type\":\"panel-slider_item\",\"props\":{\"image\":\"wp-content\\\/uploads\\\/2025\\\/03\\\/10.jpg\",\"title\":\"Phase 10 - Geschafft, bald kann es losgehen\"}}]}]},{\"type\":\"column\",\"props\":{\"image_position\":\"center-center\",\"position_sticky_breakpoint\":\"m\",\"width_medium\":\"1-2\"},\"children\":[{\"type\":\"headline\",\"props\":{\"content\":\"Rundflug in und um das Zelt\",\"title_element\":\"h1\",\"title_style\":\"h3\"}},{\"type\":\"divider\",\"props\":{\"divider_element\":\"hr\",\"divider_style\":\"small\"}},{\"type\":\"video\",\"props\":{\"margin\":\"default\",\"video\":\"https:\\\/\\\/www.youtube.com\\\/watch?v=xSj4ryJR0TE\",\"video_box_decoration\":\"default\",\"video_controls\":true,\"video_width\":950}}]}]}]}],\"version\":\"4.5.17\"} --><\/p>\n","protected":false},"excerpt":{"rendered":"<p>Sternenzelt Das Sternenzelt des &#8222;Circus Tausendtraum&#8220; Kein Zirkus ohne Zelt. Und so reist der Tausendtraum mit seinem blau \u2013 gelben Sternenzelt an jede Schule. Das Zelt bietet 400 Zuschauern Platz und hat einen Durchmesser von 20 Metern (Aufbaudurchmesser 30 Meter). Im Innern des Zeltes befinden sich einige Neuerungen im Vergleich zu anderen Zirkusunternehmen. So verzichten [&hellip;]<\/p>\n","protected":false},"author":1,"featured_media":0,"parent":2537,"menu_order":0,"comment_status":"closed","ping_status":"closed","template":"","meta":{"_acf_changed":false,"footnotes":""},"class_list":["post-2309","page","type-page","status-publish","hentry"],"acf":[],"_links":{"self":[{"href":"https:\/\/www.tausendtraum.de\/circus\/wp-json\/wp\/v2\/pages\/2309","targetHints":{"allow":["GET"]}}],"collection":[{"href":"https:\/\/www.tausendtraum.de\/circus\/wp-json\/wp\/v2\/pages"}],"about":[{"href":"https:\/\/www.tausendtraum.de\/circus\/wp-json\/wp\/v2\/types\/page"}],"author":[{"embeddable":true,"href":"https:\/\/www.tausendtraum.de\/circus\/wp-json\/wp\/v2\/users\/1"}],"replies":[{"embeddable":true,"href":"https:\/\/www.tausendtraum.de\/circus\/wp-json\/wp\/v2\/comments?post=2309"}],"version-history":[{"count":23,"href":"https:\/\/www.tausendtraum.de\/circus\/wp-json\/wp\/v2\/pages\/2309\/revisions"}],"predecessor-version":[{"id":3146,"href":"https:\/\/www.tausendtraum.de\/circus\/wp-json\/wp\/v2\/pages\/2309\/revisions\/3146"}],"up":[{"embeddable":true,"href":"https:\/\/www.tausendtraum.de\/circus\/wp-json\/wp\/v2\/pages\/2537"}],"wp:attachment":[{"href":"https:\/\/www.tausendtraum.de\/circus\/wp-json\/wp\/v2\/media?parent=2309"}],"curies":[{"name":"wp","href":"https:\/\/api.w.org\/{rel}","templated":true}]}}