{"id":2820,"date":"2025-06-23T13:09:49","date_gmt":"2025-06-23T11:09:49","guid":{"rendered":"https:\/\/www.tausendtraum.de\/circus\/?page_id=2820"},"modified":"2025-10-06T10:38:56","modified_gmt":"2025-10-06T08:38:56","slug":"das-tausendtraum-lied","status":"publish","type":"page","link":"https:\/\/www.tausendtraum.de\/circus\/ueber-uns-2\/das-tausendtraum-lied\/","title":{"rendered":"Das Tausendtraum-Lied"},"content":{"rendered":"<h1>Das Tausendtraum-Lied<\/h1>\n<\/p>\n<div>\n<p>Tausendtraum hat sogar sein eigenes Lied. Im Sommer 2010 \u00fcberraschte der Schulchor der Grundschule Herrenhausen (Hannover) am Vorstellungsende das Zirkus-Team mit dem Song \u201eEin Traum \u2013 Tausend Tr\u00e4ume\u201c. Getextet und komponiert von Chorleiterin und Musik-Lehrerin Nina Hilberink.<\/p>\n<p>Ein paar Monate sp\u00e4ter gings dann f\u00fcr den Schulchor gemeinsam mit der Band \u201eBackdoor Entry\u201c ins Tonstudio. Und seitdem kann sich jeder den Tausendtraum-Song herunterladen und Kraft zum Tr\u00e4umen tanken:<\/p>\n<p>\u201eEgal, wo du auch wohnst und ganz egal, wie alt du bist:<br \/>Jeder Mensch hat Tr\u00e4ume, die er nicht so leicht vergisst.<br \/>Soll\u2019n sie in Erf\u00fcllung gehn, dann glaube fest an sie.<br \/>Hab Mut, auch wenn dir andre sagen: \u201eHey, das schaffst du nie!\u201c<br \/>Auch wenn\u2019s manchmal schwierig ist, vertrau auf dein Geschick:<br \/>Ein Leben voller Traumerf\u00fcllung ist ganz gro\u00dfes Gl\u00fcck!\u201c<\/p>\n<\/div>\n<h1>Downloads<\/h1>\n<ul>\n<li>\n<p>\n        <a href=\"\/circus\/wp-content\/uploads\/2025\/06\/1-traum-1000-traeume1.mp3\">Das Tausendtraum-Lied<\/a>\n    <\/p>\n<\/li>\n<li>\n<p>\n        <a href=\"\/circus\/wp-content\/uploads\/2025\/06\/1-Traum-1000-Traeume-Playback.mp3\">Das Tausendtraum-Lied -Playback<\/a>\n    <\/p>\n<\/li>\n<li>\n<p>\n        <a href=\"\/circus\/wp-content\/uploads\/2025\/06\/1-Traum-1000-Traeume-Noten.pdf\">Noten<\/a>\n    <\/p>\n<\/li>\n<\/ul>\n<p><a href=\"\/circus\/wp-content\/uploads\/2025\/06\/CD-Cover_back.png\"><img decoding=\"async\" src=\"\/circus\/wp-content\/uploads\/2025\/06\/CD-Cover_back.png\" alt=\"\"><\/a><\/p>\n<div>\n<p>    <img decoding=\"async\" src=\"\/circus\/wp-content\/uploads\/2025\/03\/WhatsApp-Bild-2025-03-20-um-14.21.49_90cd6912.jpg\" alt=\"\"><\/p>\n<\/div>\n<p><!--more--><br \/>\n<!-- {\"type\":\"layout\",\"children\":[{\"type\":\"section\",\"props\":{\"header_transparent\":false,\"header_transparent_noplaceholder\":false,\"image\":\"wp-content\\\/uploads\\\/2025\\\/02\\\/background-hero-1.svg\",\"image_position\":\"center-center\",\"image_width\":5000,\"media_overlay\":\"rgb(146, 185, 231)\",\"media_overlay_gradient\":\"radial-gradient(circle, rgba(193,217,251,0.9023810207676821) 0%, rgba(134,182,249,0.9023810207676821) 100%);\",\"padding\":\"xsmall\",\"padding_remove_bottom\":false,\"padding_remove_top\":false,\"style\":\"default\",\"title_breakpoint\":\"xl\",\"title_position\":\"top-left\",\"title_rotation\":\"left\",\"vertical_align\":\"middle\",\"width\":\"default\"},\"children\":[{\"type\":\"row\",\"children\":[{\"type\":\"column\",\"props\":{\"image_position\":\"center-center\",\"position_sticky_breakpoint\":\"m\",\"width_medium\":\"1-2\"},\"children\":[{\"type\":\"headline\",\"props\":{\"content\":\"Das Tausendtraum-Lied\",\"title_element\":\"h1\",\"title_style\":\"heading-small\"}}]},{\"type\":\"column\",\"props\":{\"image_position\":\"center-center\",\"position_sticky_breakpoint\":\"m\",\"vertical_align\":\"bottom\",\"width_medium\":\"1-2\"},\"children\":[{\"type\":\"breadcrumbs\",\"props\":{\"show_current\":true,\"show_home\":true,\"text_align\":\"right\",\"text_align_breakpoint\":\"m\",\"text_align_fallback\":\"left\"}}]}],\"props\":{\"layout\":\"1-2,1-2\"}}]},{\"type\":\"section\",\"props\":{\"css\":\".el-section{\\n    background:#f6e202;\\n    border-top: 2px solid #163a71;\\n    border-bottom: 2px solid #163a71;\\n    padding-top: 10px;\\n  padding-bottom: 10px;\\n}\\n\\n\",\"image_position\":\"center-center\",\"padding\":\"xsmall\",\"style\":\"default\",\"title_breakpoint\":\"xl\",\"title_position\":\"top-left\",\"title_rotation\":\"left\",\"vertical_align\":\"middle\",\"width\":\"default\"},\"children\":[{\"type\":\"row\",\"children\":[{\"type\":\"column\",\"props\":{\"image_position\":\"center-center\",\"position_sticky_breakpoint\":\"m\"}}]}]},{\"type\":\"section\",\"props\":{\"css\":\".el-section{\\n     border-bottom: 2px solid #163a71;\\n}\",\"image_position\":\"center-center\",\"padding\":\"xsmall\",\"style\":\"default\",\"title_breakpoint\":\"xl\",\"title_position\":\"top-left\",\"title_rotation\":\"left\",\"vertical_align\":\"middle\",\"width\":\"default\"},\"children\":[{\"type\":\"row\",\"children\":[{\"type\":\"column\",\"props\":{\"image_position\":\"center-center\",\"position_sticky_breakpoint\":\"m\"},\"children\":[{\"type\":\"subnav\",\"props\":{\"subnav_style\":\"divider\",\"text_align\":\"center\"},\"children\":[{\"type\":\"subnav_item\",\"source\":{\"query\":{\"name\":\"customMenuItems\",\"arguments\":{\"id\":3,\"parent\":\"2865\",\"heading\":\"\",\"include_heading\":true}},\"props\":{\"content\":{\"name\":\"title\"},\"link\":{\"name\":\"url\"}}}}]}]}]}],\"name\":\"subnav\"},{\"type\":\"section\",\"props\":{\"image\":\"wp-content\\\/uploads\\\/2025\\\/02\\\/Gruppe-45.png\",\"image_position\":\"center-center\",\"media_overlay\":\"rgba(140, 186, 249, 0.8)\",\"media_overlay_gradient\":\"radial-gradient(circle, rgba(252,252,252,0.7959384437368697) 0%, rgba(117,172,240,0) 75%);\",\"style\":\"default\",\"title_breakpoint\":\"xl\",\"title_position\":\"top-left\",\"title_rotation\":\"left\",\"vertical_align\":\"middle\",\"width\":\"default\"},\"children\":[{\"type\":\"row\",\"props\":{\"layout\":\"1-2,1-2\",\"margin\":\"large\"},\"children\":[{\"type\":\"column\",\"props\":{\"image_position\":\"center-center\",\"position_sticky_breakpoint\":\"m\",\"width_medium\":\"1-2\"},\"children\":[{\"type\":\"text\",\"props\":{\"column_breakpoint\":\"m\",\"content\":\"\n\n<p>Tausendtraum hat sogar sein eigenes Lied. Im Sommer 2010 \\u00fcberraschte der Schulchor der Grundschule Herrenhausen (Hannover) am Vorstellungsende das Zirkus-Team mit dem Song \\u201eEin Traum \\u2013 Tausend Tr\\u00e4ume\\u201c. Getextet und komponiert von Chorleiterin und Musik-Lehrerin Nina Hilberink.<\\\/p>\\n\n\n<p>Ein paar Monate sp\\u00e4ter gings dann f\\u00fcr den Schulchor gemeinsam mit der Band \\u201eBackdoor Entry\\u201c ins Tonstudio. Und seitdem kann sich jeder den Tausendtraum-Song herunterladen und Kraft zum Tr\\u00e4umen tanken:<\\\/p>\\n\n\n<p>\\u201eEgal, wo du auch wohnst und ganz egal, wie alt du bist:<br \\\/>Jeder Mensch hat Tr\\u00e4ume, die er nicht so leicht vergisst.<br \\\/>Soll\\u2019n sie in Erf\\u00fcllung gehn, dann glaube fest an sie.<br \\\/>Hab Mut, auch wenn dir andre sagen: \\u201eHey, das schaffst du nie!\\u201c<br \\\/>Auch wenn\\u2019s manchmal schwierig ist, vertrau auf dein Geschick:<br \\\/>Ein Leben voller Traumerf\\u00fcllung ist ganz gro\\u00dfes Gl\\u00fcck!\\u201c<\\\/p>\",\"margin\":\"default\"}},{\"type\":\"headline\",\"props\":{\"content\":\"Downloads\",\"margin\":\"small\",\"title_element\":\"h1\",\"title_style\":\"h3\"},\"name\":\"Download Titel\"},{\"type\":\"button\",\"props\":{\"button_size\":\"small\",\"grid_column_gap\":\"small\",\"grid_row_gap\":\"small\",\"margin\":\"default\"},\"children\":[{\"type\":\"button_item\",\"props\":{\"button_style\":\"primary\",\"content\":\"Das Tausendtraum-Lied\",\"dialog_layout\":\"modal\",\"dialog_offcanvas_flip\":true,\"icon_align\":\"left\",\"link\":\"wp-content\\\/uploads\\\/2025\\\/06\\\/1-traum-1000-traeume1.mp3\",\"link_target\":\"blank\"}},{\"type\":\"button_item\",\"props\":{\"button_style\":\"primary\",\"content\":\"Das Tausendtraum-Lied -Playback\",\"dialog_layout\":\"modal\",\"dialog_offcanvas_flip\":true,\"icon_align\":\"left\",\"link\":\"wp-content\\\/uploads\\\/2025\\\/06\\\/1-Traum-1000-Traeume-Playback.mp3\",\"link_target\":\"blank\"}},{\"type\":\"button_item\",\"props\":{\"button_style\":\"primary\",\"content\":\"Noten\",\"dialog_layout\":\"modal\",\"dialog_offcanvas_flip\":true,\"icon_align\":\"left\",\"link\":\"wp-content\\\/uploads\\\/2025\\\/06\\\/1-Traum-1000-Traeume-Noten.pdf\",\"link_target\":\"blank\"}}],\"name\":\"download Buttons\"}]},{\"type\":\"column\",\"props\":{\"image_position\":\"center-center\",\"position_sticky_breakpoint\":\"m\",\"vertical_align\":\"middle\",\"width_medium\":\"1-2\"},\"children\":[{\"type\":\"fragment\",\"props\":{\"margin\":\"default\"},\"children\":[{\"type\":\"row\",\"props\":{\"column_gap\":\"small\",\"row_gap\":\"small\"},\"children\":[{\"type\":\"column\",\"props\":{\"image_position\":\"center-center\",\"position_sticky_breakpoint\":\"m\"},\"children\":[{\"type\":\"image\",\"props\":{\"image\":\"wp-content\\\/uploads\\\/2025\\\/06\\\/CD-Cover_back.png\",\"image_box_decoration\":\"default\",\"image_svg_color\":\"emphasis\",\"image_width\":650,\"link\":\"wp-content\\\/uploads\\\/2025\\\/06\\\/CD-Cover_back.png\",\"link_target\":\"modal\",\"margin\":\"default\"}}]}]}],\"name\":\"bilder\"},{\"type\":\"audioplayer\",\"props\":{\"active_bg\":\"#E5EFFB\",\"artist_element\":\"div\",\"artist_head\":\"Artist\",\"artist_order\":\"3\",\"content_column_breakpoint\":\"m\",\"content_head\":\"Description\",\"content_order\":\"7\",\"control_hover\":\"#F6E202\",\"download_head\":\"Buy\",\"download_order\":\"6\",\"downloadlink_download\":true,\"downloadlink_fullwidth\":true,\"downloadlink_size\":\"small\",\"downloadlink_style\":\"primary\",\"downloadlink_sytle\":\"default\",\"downloadlink_text\":\"Herunterladen\",\"enable_id3\":false,\"icon_width\":80,\"image_align\":\"top\",\"image_grid_breakpoint\":\"m\",\"image_grid_width\":\"1-2\",\"image_head\":\"Art\",\"image_height\":\"100\",\"image_height_main\":\"50\",\"image_order\":\"1\",\"image_svg_color\":\"emphasis\",\"image_width\":\"100\",\"image_width_main\":\"50\",\"length_element\":\"div\",\"length_head\":\"Length\",\"length_order\":\"5\",\"length_style\":\"h5\",\"link_head\":\"Link\",\"link_order\":\"8\",\"link_style\":\"default\",\"link_text\":\"Read more\",\"main_image_visibility\":\"hidden-s\",\"margin\":\"default\",\"next_tooltip\":\"Next Track\",\"panel_padding\":\"small\",\"panel_style\":\"card-default\",\"pause_tooltip\":\"Pause\",\"play_tooltip\":\"Play\",\"playing_track\":\"title\",\"playlist_loop\":false,\"playlist_stop_next\":true,\"playlist_tooltip\":\"Show\\\/hide Playlist\",\"previous_tooltip\":\"Previous Track\",\"show_artist\":false,\"show_content\":false,\"show_download\":true,\"show_image\":true,\"show_length\":true,\"show_link\":false,\"show_playlist\":false,\"show_title\":false,\"show_tooltips\":false,\"show_year\":false,\"table_height\":\"200\",\"table_justify\":false,\"table_responsive\":\"overflow\",\"table_size\":\"small\",\"table_vertical_align\":true,\"table_width\":\"900\",\"title_element\":\"div\",\"title_head\":\"Title\",\"title_hover_style\":\"reset\",\"title_order\":\"2\",\"title_style\":\"h5\",\"toggle_animation\":\"fade\",\"toggle_icon\":false,\"volume_bg\":\"#6FAAF8\",\"volume_slider\":\"#fff\",\"volume_tooltip\":\"Volume Control\",\"year_element\":\"div\",\"year_head\":\"Year\",\"year_order\":\"4\"},\"children\":[{\"type\":\"audioplayer_item\",\"props\":{\"download_link\":\"wp-content\\\/uploads\\\/2025\\\/02\\\/1-traum-1000-traeume.mp3\",\"image\":\"wp-content\\\/uploads\\\/2025\\\/03\\\/WhatsApp-Bild-2025-03-20-um-14.21.49_90cd6912.jpg\",\"mp3filepath\":\"wp-content\\\/uploads\\\/2025\\\/02\\\/1-traum-1000-traeume.mp3\",\"title\":\"1 Traum - 1000 Tr\\u00e4ume\"}}],\"name\":\"player\"}]}]}]}],\"version\":\"4.5.17\"} --><\/p>\n","protected":false},"excerpt":{"rendered":"<p>Das Tausendtraum-Lied Tausendtraum hat sogar sein eigenes Lied. Im Sommer 2010 \u00fcberraschte der Schulchor der Grundschule Herrenhausen (Hannover) am Vorstellungsende das Zirkus-Team mit dem Song \u201eEin Traum \u2013 Tausend Tr\u00e4ume\u201c. Getextet und komponiert von Chorleiterin und Musik-Lehrerin Nina Hilberink. Ein paar Monate sp\u00e4ter gings dann f\u00fcr den Schulchor gemeinsam mit der Band \u201eBackdoor Entry\u201c ins [&hellip;]<\/p>\n","protected":false},"author":1,"featured_media":0,"parent":2537,"menu_order":0,"comment_status":"closed","ping_status":"closed","template":"","meta":{"_acf_changed":false,"footnotes":""},"class_list":["post-2820","page","type-page","status-publish","hentry"],"acf":[],"_links":{"self":[{"href":"https:\/\/www.tausendtraum.de\/circus\/wp-json\/wp\/v2\/pages\/2820","targetHints":{"allow":["GET"]}}],"collection":[{"href":"https:\/\/www.tausendtraum.de\/circus\/wp-json\/wp\/v2\/pages"}],"about":[{"href":"https:\/\/www.tausendtraum.de\/circus\/wp-json\/wp\/v2\/types\/page"}],"author":[{"embeddable":true,"href":"https:\/\/www.tausendtraum.de\/circus\/wp-json\/wp\/v2\/users\/1"}],"replies":[{"embeddable":true,"href":"https:\/\/www.tausendtraum.de\/circus\/wp-json\/wp\/v2\/comments?post=2820"}],"version-history":[{"count":17,"href":"https:\/\/www.tausendtraum.de\/circus\/wp-json\/wp\/v2\/pages\/2820\/revisions"}],"predecessor-version":[{"id":3173,"href":"https:\/\/www.tausendtraum.de\/circus\/wp-json\/wp\/v2\/pages\/2820\/revisions\/3173"}],"up":[{"embeddable":true,"href":"https:\/\/www.tausendtraum.de\/circus\/wp-json\/wp\/v2\/pages\/2537"}],"wp:attachment":[{"href":"https:\/\/www.tausendtraum.de\/circus\/wp-json\/wp\/v2\/media?parent=2820"}],"curies":[{"name":"wp","href":"https:\/\/api.w.org\/{rel}","templated":true}]}}